{"id":6897,"date":"2025-03-19T13:54:16","date_gmt":"2025-03-19T13:54:16","guid":{"rendered":"https:\/\/tanrikulu.com.tr\/?page_id=6897"},"modified":"2025-07-07T12:38:12","modified_gmt":"2025-07-07T12:38:12","slug":"is-sagligi-ve-guvenligi-isgpolitikasi","status":"publish","type":"page","link":"https:\/\/tanrikulu.com.tr\/en\/is-sagligi-ve-guvenligi-isgpolitikasi\/","title":{"rendered":"\u0130\u015f Sa\u011fl\u0131\u011f\u0131 ve G\u00fcvenli\u011fi (\u0130SG)Politikas\u0131"},"content":{"rendered":"<h2 class=\"wp-block-heading\"><strong>\u0130\u015f Sa\u011fl\u0131\u011f\u0131 ve G\u00fcvenli\u011fi (\u0130SG) Politikas\u0131<\/strong><\/h2>\n\n\n\n<p>Tanr\u0131kulu \u015eirketler Grubu, t\u00fcm \u00e7al\u0131\u015fanlar\u0131, payda\u015flar\u0131, y\u00fcklenicileri, y\u00fcklenici firma \u00e7al\u0131\u015fanlar\u0131 ve ziyaret\u00e7ileri i\u00e7in sa\u011fl\u0131kl\u0131 ve g\u00fcvenli bir \u00e7al\u0131\u015fma ortam\u0131 sa\u011flamay\u0131 taahh\u00fct eder. Bu politika, \u0130\u015f Sa\u011fl\u0131\u011f\u0131 ve G\u00fcvenli\u011fi (\u0130SG) Y\u00f6netim Sistemi, ulusal ve uluslararas\u0131 yasal \u015fartlar ile uymak zorunda olunan di\u011fer gereklilikler do\u011frultusunda, g\u00fcvenli bir \u00e7al\u0131\u015fma ortam\u0131 yaratmay\u0131 ama\u00e7lamaktad\u0131r. Tanr\u0131kulu \u015eirketler Grubu, t\u00fcm \u00e7al\u0131\u015fanlar\u0131 ve payda\u015flar\u0131, \u0130SG konusunda duyarl\u0131, bilin\u00e7li bireyler olmaya ve bu k\u00fclt\u00fcr\u00fc i\u00e7selle\u015ftirmeye katk\u0131 sa\u011flamay\u0131 taahh\u00fct eder.<\/p>\n\n\n\n<h3 class=\"wp-block-heading\"><strong>Politika Hedeflerimiz<\/strong><\/h3>\n\n\n\n<p>Hedefimiz, s\u00fcrekli iyile\u015fmeyi esas alarak, i\u015f kazalar\u0131n\u0131, meslek hastal\u0131klar\u0131n\u0131 ve pandemik hastal\u0131klar gibi riskleri minimize etmektir. Tanr\u0131kulu \u015eirketler Grubu \u00e7al\u0131\u015fanlar\u0131 ve t\u00fcm payda\u015flar\u0131m\u0131z; y\u00fckleniciler, y\u00fcklenici firma \u00e7al\u0131\u015fanlar\u0131, \u00e7al\u0131\u015fan temsilcileri ve ziyaret\u00e7iler, bu politikaya uyum sa\u011flamak ve katk\u0131da bulunmaktan sorumludur. \u0130\u015f Sa\u011fl\u0131\u011f\u0131 ve G\u00fcvenli\u011fi ile ilgili her d\u00fczeyde \u00e7al\u0131\u015fan\u0131m\u0131z, risklerin \u00f6nlenmesinde, \u0130SG ekibiyle mevzuatlara uygun \u015fekilde i\u015f birli\u011fi yapacakt\u0131r.<br><br><strong>\u0130SG Y\u00f6netim Sistemi ve Uygulamalar\u0131m\u0131z<\/strong><\/p>\n\n\n\n<p>Tanr\u0131kulu \u015eirketler Grubu, i\u015f sa\u011fl\u0131\u011f\u0131 ve g\u00fcvenli\u011fi y\u00f6netim sistemlerini etkin bir \u015fekilde uygulamak i\u00e7in gerekli t\u00fcm kaynaklar\u0131 sa\u011flamakta ve \u015firket i\u00e7i s\u00fcre\u00e7lere entegre etmektedir. Bu \u00e7er\u00e7evede;<\/p>\n\n\n\n<ul class=\"wp-block-list\">\n<li><strong>Risk De\u011ferlendirmesi:<\/strong> Potansiyel tehlikeleri tespit etmek ve bunlara kar\u015f\u0131 risk de\u011ferlendirmeleri yapmak.<\/li>\n\n\n\n<li><strong>E\u011fitim ve Geli\u015fim:<\/strong> \u00c7al\u0131\u015fanlar\u0131m\u0131za i\u015f sa\u011fl\u0131\u011f\u0131 ve g\u00fcvenli\u011fi konusunda s\u00fcrekli e\u011fitimler vererek, g\u00fcvenli \u00e7al\u0131\u015fma al\u0131\u015fkanl\u0131klar\u0131n\u0131 benimsemelerini sa\u011flamak.<\/li>\n\n\n\n<li><strong>Acil Durum Planlar\u0131:<\/strong> \u0130\u015f kazalar\u0131 ve acil durumlar i\u00e7in haz\u0131rl\u0131kl\u0131 olmak amac\u0131yla acil durum planlar\u0131 olu\u015fturmak ve tatbikatlar yapmak.<\/li>\n\n\n\n<li><strong>\u0130zleme ve Denetim:<\/strong> \u0130SG performans\u0131n\u0131 d\u00fczenli olarak izlemek, i\u00e7 denetimler ve g\u00f6zden ge\u00e7irmeler yaparak, eksiklikleri gidermek ve iyile\u015ftirme sa\u011flamak.<\/li>\n<\/ul>\n\n\n\n<h3 class=\"wp-block-heading\"><strong>\u00c7al\u0131\u015fan Kat\u0131l\u0131m\u0131 ve \u0130leti\u015fim<\/strong><\/h3>\n\n\n\n<p>Tanr\u0131kulu \u015eirketler Grubu, \u00e7al\u0131\u015fanlar\u0131n\u0131n i\u015f sa\u011fl\u0131\u011f\u0131 ve g\u00fcvenli\u011fi s\u00fcre\u00e7lerine aktif kat\u0131l\u0131m\u0131n\u0131 te\u015fvik eder. \u00c7al\u0131\u015fanlar\u0131m\u0131z, g\u00fcvenlik konular\u0131nda fikirlerini beyan edebilir, kar\u015f\u0131la\u015ft\u0131klar\u0131 herhangi bir tehlike veya sorunu an\u0131nda raporlama imkan\u0131na sahiptir. Ayr\u0131ca, \u0130SG ile ilgili her t\u00fcrl\u00fc \u00f6neri ve geri bildirim, \u0130SG komitesinde de\u011ferlendirilerek, gerekli aksiyonlar al\u0131n\u0131r.<\/p>\n\n\n\n<h3 class=\"wp-block-heading\"><strong>Sorumluluklar<\/strong><\/h3>\n\n\n\n<ul class=\"wp-block-list\">\n<li><strong>Y\u00f6netim:<\/strong> \u015eirketin en \u00fcst d\u00fczey y\u00f6neticileri, \u0130SG politikalar\u0131n\u0131n etkinli\u011fini sa\u011flamak ve gerekli kaynaklar\u0131 temin etmekle y\u00fck\u00fcml\u00fcd\u00fcr.<\/li>\n\n\n\n<li><strong>\u0130SG Komitesi:<\/strong> \u0130SG komitesinin g\u00f6revi, i\u015f sa\u011fl\u0131\u011f\u0131 ve g\u00fcvenli\u011fi uygulamalar\u0131n\u0131 denetlemek, geli\u015ftirmek ve \u015firketin genel politikas\u0131n\u0131 uygulamak.<\/li>\n\n\n\n<li><strong>\u00c7al\u0131\u015fanlar:<\/strong> Her bir \u00e7al\u0131\u015fan, i\u015f yerindeki g\u00fcvenlik kurallar\u0131na uymak, sa\u011fl\u0131kl\u0131 ve g\u00fcvenli bir \u00e7al\u0131\u015fma ortam\u0131n\u0131n olu\u015fturulmas\u0131na katk\u0131 sa\u011flamakla sorumludur.<\/li>\n<\/ul>\n\n\n\n<p>Tanr\u0131kulu \u015eirketler Grubu, i\u015f sa\u011fl\u0131\u011f\u0131 ve g\u00fcvenli\u011fi alan\u0131ndaki t\u00fcm yasal y\u00fck\u00fcml\u00fcl\u00fcklerin yan\u0131 s\u0131ra, g\u00f6n\u00fcll\u00fc olarak y\u00fcksek standartlar\u0131 hedef al\u0131r. \u0130SG politikam\u0131z, her \u00e7al\u0131\u015fan\u0131m\u0131z\u0131n g\u00fcvenli\u011fi i\u00e7in bir taahh\u00fctt\u00fcr ve bu konuda s\u00fcrekli bir iyile\u015ftirme yakla\u015f\u0131m\u0131n\u0131 benimsemekteyiz.<\/p>\n\n\n\n<p>Bu politikay\u0131 t\u00fcm \u00e7al\u0131\u015fanlar\u0131m\u0131z ve payda\u015flar\u0131m\u0131zla payla\u015farak, i\u015f sa\u011fl\u0131\u011f\u0131 ve g\u00fcvenli\u011fini s\u00fcrekli k\u0131lmay\u0131 ve en y\u00fcksek seviyede korumay\u0131 ama\u00e7l\u0131yoruz.<\/p>","protected":false},"excerpt":{"rendered":"<p>\u0130\u015f Sa\u011fl\u0131\u011f\u0131 ve G\u00fcvenli\u011fi (\u0130SG) Politikas\u0131 Tanr\u0131kulu \u015eirketler Grubu, t\u00fcm \u00e7al\u0131\u015fanlar\u0131, payda\u015flar\u0131, y\u00fcklenicileri, y\u00fcklenici firma \u00e7al\u0131\u015fanlar\u0131 ve ziyaret\u00e7ileri i\u00e7in sa\u011fl\u0131kl\u0131 ve g\u00fcvenli bir \u00e7al\u0131\u015fma ortam\u0131 sa\u011flamay\u0131 taahh\u00fct eder. Bu politika, \u0130\u015f Sa\u011fl\u0131\u011f\u0131 ve G\u00fcvenli\u011fi (\u0130SG) Y\u00f6netim Sistemi, ulusal ve uluslararas\u0131 yasal \u015fartlar ile uymak zorunda olunan di\u011fer gereklilikler do\u011frultusunda, g\u00fcvenli bir \u00e7al\u0131\u015fma ortam\u0131 yaratmay\u0131 ama\u00e7lamaktad\u0131r. [&hellip;]<\/p>","protected":false},"author":1,"featured_media":0,"parent":0,"menu_order":0,"comment_status":"closed","ping_status":"closed","template":"","meta":{"footnotes":""},"class_list":["post-6897","page","type-page","status-publish","hentry"],"_links":{"self":[{"href":"https:\/\/tanrikulu.com.tr\/en\/wp-json\/wp\/v2\/pages\/6897","targetHints":{"allow":["GET"]}}],"collection":[{"href":"https:\/\/tanrikulu.com.tr\/en\/wp-json\/wp\/v2\/pages"}],"about":[{"href":"https:\/\/tanrikulu.com.tr\/en\/wp-json\/wp\/v2\/types\/page"}],"author":[{"embeddable":true,"href":"https:\/\/tanrikulu.com.tr\/en\/wp-json\/wp\/v2\/users\/1"}],"replies":[{"embeddable":true,"href":"https:\/\/tanrikulu.com.tr\/en\/wp-json\/wp\/v2\/comments?post=6897"}],"version-history":[{"count":0,"href":"https:\/\/tanrikulu.com.tr\/en\/wp-json\/wp\/v2\/pages\/6897\/revisions"}],"wp:attachment":[{"href":"https:\/\/tanrikulu.com.tr\/en\/wp-json\/wp\/v2\/media?parent=6897"}],"curies":[{"name":"wp","href":"https:\/\/api.w.org\/{rel}","templated":true}]}}