{"id":6404,"date":"2025-03-17T09:34:03","date_gmt":"2025-03-17T09:34:03","guid":{"rendered":"https:\/\/tanrikulu.com.tr\/?page_id=6404"},"modified":"2025-03-17T09:35:42","modified_gmt":"2025-03-17T09:35:42","slug":"is-sagligi-ve-guvenligi-politikamiz","status":"publish","type":"page","link":"https:\/\/tanrikulu.com.tr\/en\/is-sagligi-ve-guvenligi-politikamiz\/","title":{"rendered":"\u0130\u015f Sa\u011fl\u0131\u011f\u0131 ve G\u00fcvenli\u011fi Politikam\u0131z"},"content":{"rendered":"<div data-elementor-type=\"wp-page\" data-elementor-id=\"6404\" class=\"elementor elementor-6404\" data-elementor-post-type=\"page\">\n\t\t\t\t<div class=\"elementor-element elementor-element-41513e8 e-flex e-con-boxed e-con e-parent\" data-id=\"41513e8\" data-element_type=\"container\">\n\t\t\t\t\t<div class=\"e-con-inner\">\n\t\t\t\t<div class=\"elementor-element elementor-element-5a69070 elementor-widget elementor-widget-heading\" data-id=\"5a69070\" data-element_type=\"widget\" data-widget_type=\"heading.default\">\n\t\t\t\t<div class=\"elementor-widget-container\">\n\t\t\t\t\t<h2 class=\"elementor-heading-title elementor-size-default\">\u0130\u015f Sa\u011fl\u0131\u011f\u0131 ve G\u00fcvenli\u011fi Politikam\u0131z<\/h2>\t\t\t\t<\/div>\n\t\t\t\t<\/div>\n\t\t\t\t<div class=\"elementor-element elementor-element-1f62490 elementor-widget elementor-widget-text-editor\" data-id=\"1f62490\" data-element_type=\"widget\" data-widget_type=\"text-editor.default\">\n\t\t\t\t<div class=\"elementor-widget-container\">\n\t\t\t\t\t\t\t\t\t<p>T\u00fcm faaliyetlerimizde \u00e7al\u0131\u015fan sa\u011fl\u0131\u011f\u0131n\u0131 ve i\u015f g\u00fcvenli\u011fini \u00f6n planda tutmak, e\u011fitimlerle \u00e7al\u0131\u015fanlar\u0131n \u0130SG bilincini artt\u0131rmak.<\/p><p>Faaliyetlerimiz esnas\u0131nda \u0130SG a\u00e7\u0131s\u0131ndan risk te\u015fkil eden durumlar\u0131 analiz ederek, riskleri minimize etmek, \u00e7al\u0131\u015fanlar\u0131m\u0131za, ta\u015feronlar\u0131m\u0131za ve ziyaret\u00e7ilerimize emniyetli ortamlar sa\u011flayarak kaza ve yaralanmalar\u0131 \u00f6nlemek.<\/p><p>\u0130SG a\u00e7\u0131s\u0131ndan olu\u015fabilecek risklere kar\u015f\u0131 \u00f6nceden tedbir almak ve bu riskleri ortadan kald\u0131rmak i\u00e7in \u00e7al\u0131\u015fanlar ile y\u00f6netim aras\u0131nda gerekli ileti\u015fim kanallar\u0131 kurmak ve bu kanallar\u0131 s\u00fcrekli a\u00e7\u0131k tutmak.<\/p><p>T\u00fcm faaliyetlerimizi \u0130SG mevzuat\u0131na ve standard\u0131na uygun olarak yapmak.<\/p><p>\u00c7al\u0131\u015fanlar\u0131n periyodik sa\u011fl\u0131k kontrollerini yaparak hastal\u0131klar\u0131n \u00f6nlenmesini sa\u011flamak.<\/p><p>Kat\u0131l\u0131mc\u0131 bir anlay\u0131\u015fla \u0130SG performans\u0131nda s\u00fcrekli iyile\u015fmeyi sa\u011flamak.<\/p><h3>\u0130SG: \u0130\u015f\u00e7i Sa\u011fl\u0131\u011f\u0131 ve G\u00fcvenli\u011fi<\/h3><ul><li>Geri d\u00f6n\u00fc\u015f\u00fcm sekt\u00f6r\u00fcnde performans\u0131na \u00f6zenilen, \u00e7evre ve ya\u015fam de\u011ferlerine sayg\u0131l\u0131 \u00f6nc\u00fc olmakt\u0131r.&#8221; hedefini benimseyen \u00e7evre ve insan sa\u011fl\u0131\u011f\u0131 yasalar\u0131yla uyumlu, g\u00fcvenilir ve kaliteli hizmet vermeyi,<\/li><li>ISO 9001 Kalite, ISO 14001 \u00c7evre, OHSAS 18001 \u0130\u015f Sa\u011fl\u0131\u011f\u0131 ve G\u00fcvenli\u011fi standartlar\u0131n\u0131n gerekliliklerine uymay\u0131,<\/li><li>\u00c7evre kirlili\u011fin \u00f6nlenmesi i\u00e7in yerel otoriteler ve sanayi kurulu\u015flar\u0131 ile birlikte \u00e7al\u0131\u015fmay\u0131,<\/li><li>At\u0131k y\u00f6netim hizmetlerini \u015firketin tabi oldu\u011fu yerel ve uluslararas\u0131 mevzuata uygun olarak yapmay\u0131,<\/li><li>\u00c7al\u0131\u015fanlar\u0131n, ziyaret\u00e7ilerin ve kom\u015fular\u0131n faaliyetlerimiz nedeniyle maruz kalabilecekleri tehlike, riskleri ve kay\u0131plar\u0131 en aza indirmeyi,<\/li><li>\u0130\u015fbirli\u011fi i\u00e7inde oldu\u011fumuz payda\u015flar\u0131m\u0131za en iyi hizmeti vermek i\u00e7in lisanslar\u0131m\u0131z\u0131 g\u00fcncel tutmay\u0131, at\u0131k kapsam\u0131m\u0131z\u0131 geni\u015fletmeyi,<\/li><li>At\u0131k y\u00f6netim s\u00fcrecinde \u00f6ncelikli olarak yeniden kullan\u0131m, geri kazan\u0131m tercih etmeyi,<\/li><li>Kurulu\u015f ad\u0131na \u00e7al\u0131\u015fan ki\u015filere sa\u011fl\u0131kl\u0131 ve emniyetli bir \u00e7al\u0131\u015fma ortam\u0131, i\u015f g\u00fcvenli\u011fi sa\u011flamay\u0131,<\/li><li>\u00c7evre, i\u015f sa\u011fl\u0131\u011f\u0131 ve g\u00fcvenli\u011fi performans\u0131m\u0131z\u0131, s\u00fcrekli olarak iyile\u015ftirmeyi,<\/li><li>\u00c7al\u0131\u015fanlar\u0131m\u0131z\u0131n y\u00f6netim sistemleri konusundaki bilin\u00e7lerini e\u011fitimlerle artt\u0131rmay\u0131,<\/li><li>M\u00fc\u015fterilerimizin memnuniyetini en \u00fcst d\u00fczeyde tutmay\u0131,<\/li><li>Gelecek nesillere sa\u011fl\u0131kl\u0131 bir \u00e7evre b\u0131rakmak amac\u0131yla sosyal sorumluluk faaliyetleri d\u00fczenlemeyi taahh\u00fct ederiz.<\/li><\/ul>\t\t\t\t\t\t\t\t<\/div>\n\t\t\t\t<\/div>\n\t\t\t\t\t<\/div>\n\t\t\t\t<\/div>\n\t\t\t\t<\/div>","protected":false},"excerpt":{"rendered":"<p>\u0130\u015f Sa\u011fl\u0131\u011f\u0131 ve G\u00fcvenli\u011fi Politikam\u0131z T\u00fcm faaliyetlerimizde \u00e7al\u0131\u015fan sa\u011fl\u0131\u011f\u0131n\u0131 ve i\u015f g\u00fcvenli\u011fini \u00f6n planda tutmak, e\u011fitimlerle \u00e7al\u0131\u015fanlar\u0131n \u0130SG bilincini artt\u0131rmak. Faaliyetlerimiz esnas\u0131nda \u0130SG a\u00e7\u0131s\u0131ndan risk te\u015fkil eden durumlar\u0131 analiz ederek, riskleri minimize etmek, \u00e7al\u0131\u015fanlar\u0131m\u0131za, ta\u015feronlar\u0131m\u0131za ve ziyaret\u00e7ilerimize emniyetli ortamlar sa\u011flayarak kaza ve yaralanmalar\u0131 \u00f6nlemek. \u0130SG a\u00e7\u0131s\u0131ndan olu\u015fabilecek risklere kar\u015f\u0131 \u00f6nceden tedbir almak ve bu riskleri [&hellip;]<\/p>","protected":false},"author":1,"featured_media":0,"parent":0,"menu_order":0,"comment_status":"closed","ping_status":"closed","template":"","meta":{"footnotes":""},"class_list":["post-6404","page","type-page","status-publish","hentry"],"_links":{"self":[{"href":"https:\/\/tanrikulu.com.tr\/en\/wp-json\/wp\/v2\/pages\/6404","targetHints":{"allow":["GET"]}}],"collection":[{"href":"https:\/\/tanrikulu.com.tr\/en\/wp-json\/wp\/v2\/pages"}],"about":[{"href":"https:\/\/tanrikulu.com.tr\/en\/wp-json\/wp\/v2\/types\/page"}],"author":[{"embeddable":true,"href":"https:\/\/tanrikulu.com.tr\/en\/wp-json\/wp\/v2\/users\/1"}],"replies":[{"embeddable":true,"href":"https:\/\/tanrikulu.com.tr\/en\/wp-json\/wp\/v2\/comments?post=6404"}],"version-history":[{"count":0,"href":"https:\/\/tanrikulu.com.tr\/en\/wp-json\/wp\/v2\/pages\/6404\/revisions"}],"wp:attachment":[{"href":"https:\/\/tanrikulu.com.tr\/en\/wp-json\/wp\/v2\/media?parent=6404"}],"curies":[{"name":"wp","href":"https:\/\/api.w.org\/{rel}","templated":true}]}}