{"id":5950,"date":"2022-06-10T15:08:57","date_gmt":"2022-06-10T15:08:57","guid":{"rendered":"https:\/\/staging-arc.liquid-themes.com\/construction-two\/?page_id=5950"},"modified":"2025-07-07T12:44:55","modified_gmt":"2025-07-07T12:44:55","slug":"tanrikulu-geri-donusum","status":"publish","type":"page","link":"https:\/\/tanrikulu.com.tr\/en\/tanrikulu-geri-donusum\/","title":{"rendered":"Tanr\u0131kulu Recycling"},"content":{"rendered":"<div data-elementor-type=\"wp-page\" data-elementor-id=\"5950\" class=\"elementor elementor-5950\" data-elementor-post-type=\"page\">\n\t\t\t\t\t\t<section class=\"elementor-section elementor-top-section elementor-element elementor-element-7bceade6 elementor-reverse-tablet elementor-reverse-mobile elementor-section-boxed elementor-section-height-default elementor-section-height-default\" data-id=\"7bceade6\" data-element_type=\"section\">\n\t\t\t\t\t\t<div class=\"elementor-container elementor-column-gap-default\">\n\t\t\t\t\t<div class=\"lqd-css-sticky-column elementor-column elementor-col-50 elementor-top-column elementor-element elementor-element-197529d\" style=\"--lqd-sticky-offset:30px\" data-id=\"197529d\" data-element_type=\"column\">\n\t\t\t<div class=\"elementor-widget-wrap elementor-element-populated\">\n\t\t\t\t\t\t<div class=\"elementor-element elementor-element-256172ec elementor-widget elementor-widget-ld_custom_menu\" data-id=\"256172ec\" data-element_type=\"widget\" data-widget_type=\"ld_custom_menu.default\">\n\t\t\t\t<div class=\"elementor-widget-container\">\n\t\t\t\t\t\n\t\t\t<div  \n\t\t\t\tclass=\"lqd-fancy-menu lqd-custom-menu pos-rel menu-items-has-fill lqd-menu-td-none\"\n\t\t\t\t\t\t\t>\n\t\t\t\n\t\t\t\t\t\t\t<ul class=\"reset-ul\" id=\"256172ec\" >\n\t\t\t\t\n\t\t\t\t\t\t<li>\n\t\t\t\t\t\t\t<a  href=\"\/en\/tanrikulu-geri-donusum\/\" > \n\n\t\t\t\t\t\t\t\t\t\t\t\t\t\t\t\t\t<span class=\"link-icon d-inline-flex hide-if-empty align-items-center right-icon icon-push-to-edge\"><i aria-hidden=\"true\" class=\"lqd-icn-ess icon-ion-ios-arrow-forward\"><\/i><\/span>\t\n\t\t\t\t\t\t\t\t\n\t\t\t\t\t\t\t\t\t\t\t\t\t\t\t\t\tTanr\u0131kulu Recycling  \n\t\t\t\t\t\t\t\t\t\t\t\t\t\t\t\t\t\t\t\t\t\t\t<\/a>\n\t\t\t\t\t\t\t\t\t\t\t\t\t<\/li>\n\n\t\t\t\t\t\t\n\t\t\t\t\t\t<li>\n\t\t\t\t\t\t\t<a  href=\"\/en\/tanrikulu-plastik\/\" > \n\n\t\t\t\t\t\t\t\t\t\t\t\t\t\t\t\t\t<span class=\"link-icon d-inline-flex hide-if-empty align-items-center right-icon icon-push-to-edge\"><i aria-hidden=\"true\" class=\"lqd-icn-ess icon-ion-ios-arrow-forward\"><\/i><\/span>\t\n\t\t\t\t\t\t\t\t\n\t\t\t\t\t\t\t\t\t\t\t\t\t\t\t\t\tTanr\u0131kulu Plastic  \n\t\t\t\t\t\t\t\t\t\t\t\t\t\t\t\t\t\t\t\t\t\t\t<\/a>\n\t\t\t\t\t\t\t\t\t\t\t\t\t<\/li>\n\n\t\t\t\t\t\t\n\t\t\t\t\t\t<li>\n\t\t\t\t\t\t\t<a  href=\"\/en\/izpack-ambalaj\/\" > \n\n\t\t\t\t\t\t\t\t\t\t\t\t\t\t\t\t\t<span class=\"link-icon d-inline-flex hide-if-empty align-items-center right-icon icon-push-to-edge\"><i aria-hidden=\"true\" class=\"lqd-icn-ess icon-ion-ios-arrow-forward\"><\/i><\/span>\t\n\t\t\t\t\t\t\t\t\n\t\t\t\t\t\t\t\t\t\t\t\t\t\t\t\t\tIzpack Packaging  \n\t\t\t\t\t\t\t\t\t\t\t\t\t\t\t\t\t\t\t\t\t\t\t<\/a>\n\t\t\t\t\t\t\t\t\t\t\t\t\t<\/li>\n\n\t\t\t\t\t\t\t\t\t\t<\/ul>\n\t\t\t\t\t\t<\/div>\n\t\t\t\t\t\t<\/div>\n\t\t\t\t<\/div>\n\t\t\t\t<section class=\"elementor-section elementor-inner-section elementor-element elementor-element-35143 elementor-section-boxed elementor-section-height-default elementor-section-height-default\" data-id=\"35143\" data-element_type=\"section\">\n\t\t\t\t\t\t<div class=\"elementor-container elementor-column-gap-default\">\n\t\t\t\t\t<div class=\"elementor-column elementor-col-100 elementor-inner-column elementor-element elementor-element-4830a529\" data-id=\"4830a529\" data-element_type=\"column\" data-settings=\"{&quot;background_background&quot;:&quot;classic&quot;}\">\n\t\t\t<div class=\"elementor-widget-wrap elementor-element-populated\">\n\t\t\t\t\t\t<div class=\"elementor-element elementor-element-38d39337 elementor-widget elementor-widget-hub_fancy_heading\" data-id=\"38d39337\" data-element_type=\"widget\" data-widget_type=\"hub_fancy_heading.default\">\n\t\t\t\t<div class=\"elementor-widget-container\">\n\t\t\t\t\t\n\t\t<div id=\"ld-fancy-heading-69d5245a26ef6\" class=\"ld-fancy-heading pos-rel\">\n\t\t\t<h3 class=\"ld-fh-element d-inline-block pos-rel  elementor-heading-title lqd-highlight-classic lqd-highlight-grow-left h3\"  > Contact us<\/h3>\t\t<\/div>\n\n\t\t\t\t\t\t<\/div>\n\t\t\t\t<\/div>\n\t\t\t\t<div class=\"elementor-element elementor-element-52c57143 elementor-widget elementor-widget-ld_cf722\" data-id=\"52c57143\" data-element_type=\"widget\" data-widget_type=\"ld_cf722.default\">\n\t\t\t\t<div class=\"elementor-widget-container\">\n\t\t\t\t\t\n\t<div class=\"lqd-contact-form lqd-contact-form-inputs-filled lqd-contact-form-inputs-round lqd-contact-form-button-block\" >\n\t\t\n<div class=\"wpcf7 no-js\" id=\"wpcf7-f5930-o1\" lang=\"en-US\" dir=\"ltr\" data-wpcf7-id=\"5930\">\n<div class=\"screen-reader-response\"><p role=\"status\" aria-live=\"polite\" aria-atomic=\"true\"><\/p> <ul><\/ul><\/div>\n<form action=\"\/en\/wp-json\/wp\/v2\/pages\/5950#wpcf7-f5930-o1\" method=\"post\" class=\"wpcf7-form init\" aria-label=\"Contact form\" novalidate=\"novalidate\" data-status=\"init\" data-trp-original-action=\"\/en\/wp-json\/wp\/v2\/pages\/5950#wpcf7-f5930-o1\">\n<fieldset class=\"hidden-fields-container\"><input type=\"hidden\" name=\"_wpcf7\" value=\"5930\" \/><input type=\"hidden\" name=\"_wpcf7_version\" value=\"6.1.1\" \/><input type=\"hidden\" name=\"_wpcf7_locale\" value=\"en_US\" \/><input type=\"hidden\" name=\"_wpcf7_unit_tag\" value=\"wpcf7-f5930-o1\" \/><input type=\"hidden\" name=\"_wpcf7_container_post\" value=\"0\" \/><input type=\"hidden\" name=\"_wpcf7_posted_data_hash\" value=\"\" \/><input type=\"hidden\" name=\"_wpcf7_recaptcha_response\" value=\"\" \/>\n<\/fieldset>\n<p><span class=\"wpcf7-form-control-wrap\" data-name=\"your-name\"><input size=\"40\" maxlength=\"400\" class=\"wpcf7-form-control wpcf7-text wpcf7-validates-as-required\" aria-required=\"true\" aria-invalid=\"false\" placeholder=\"Name-Surname\" value=\"\" type=\"text\" name=\"your-name\" \/><\/span><br \/>\n<span class=\"wpcf7-form-control-wrap\" data-name=\"tel-310\"><input size=\"40\" maxlength=\"400\" class=\"wpcf7-form-control wpcf7-tel wpcf7-text wpcf7-validates-as-tel\" aria-invalid=\"false\" placeholder=\"Your Phone Number\" value=\"\" type=\"tel\" name=\"tel-310\" \/><\/span><br \/>\n<span class=\"wpcf7-form-control-wrap\" data-name=\"your-email\"><input size=\"40\" maxlength=\"400\" class=\"wpcf7-form-control wpcf7-email wpcf7-validates-as-required wpcf7-text wpcf7-validates-as-email\" aria-required=\"true\" aria-invalid=\"false\" placeholder=\"Your E-Mail Address\" value=\"\" type=\"email\" name=\"your-email\" \/><\/span><br \/>\n<span class=\"wpcf7-form-control-wrap\" data-name=\"select-382\"><select class=\"wpcf7-form-control wpcf7-select\" aria-invalid=\"false\" name=\"select-382\"><option value=\"\u0130\u015f Birli\u011fi\">Cooperation<\/option><option value=\"Teklif\">Offer<\/option><option value=\"\u00d6zelle\u015ftirilmi\u015f Hizmetler\">Customized Services<\/option><option value=\"\u00dcr\u00fcn Tedariki\">Product Supply<\/option><option value=\"Di\u011fer\">Other<\/option><\/select><\/span><br \/>\n<span class=\"wpcf7-form-control-wrap\" data-name=\"your-message\"><textarea cols=\"10\" rows=\"4\" maxlength=\"2000\" class=\"wpcf7-form-control wpcf7-textarea wpcf7-validates-as-required\" aria-required=\"true\" aria-invalid=\"false\" placeholder=\"Your message\" name=\"your-message\"><\/textarea><\/span><br \/>\n<input class=\"wpcf7-form-control wpcf7-submit has-spinner\" type=\"submit\" value=\"Send\" \/>\n<\/p><div class=\"wpcf7-response-output\" aria-hidden=\"true\"><\/div>\n<input type=\"hidden\" name=\"trp-form-language\" value=\"en\"\/><\/form>\n<\/div>\n\t<\/div>\n\n\t\t\t\t\t<\/div>\n\t\t\t\t<\/div>\n\t\t\t\t\t<\/div>\n\t\t<\/div>\n\t\t\t\t\t<\/div>\n\t\t<\/section>\n\t\t\t\t<div class=\"elementor-element elementor-element-5810ee14 elementor-align-left elementor-widget elementor-widget-ld_icon_box\" data-id=\"5810ee14\" data-element_type=\"widget\" data-widget_type=\"ld_icon_box.default\">\n\t\t\t\t<div class=\"elementor-widget-container\">\n\t\t\t\t\t\n\t\t\t<div id=\"ld_icon_box_5810ee14\" class=\"iconbox d-flex flex-grow-1 pos-rel align-items-center iconbox-side iconbox-icon-shaped iconbox-circle\"   >\n\n\t\t\t\t\n\t\t\t\t<div class=\"iconbox-icon-wrap\"><div class=\"iconbox-icon-container d-inline-flex pos-rel z-index-1 border-radius-circle\"><svg aria-hidden=\"true\" class=\"e-font-icon-svg e-fas-phone-alt\" viewbox=\"0 0 512 512\" xmlns=\"http:\/\/www.w3.org\/2000\/svg\"><path d=\"M497.39 361.8l-112-48a24 24 0 0 0-28 6.9l-49.6 60.6A370.66 370.66 0 0 1 130.6 204.11l60.6-49.6a23.94 23.94 0 0 0 6.9-28l-48-112A24.16 24.16 0 0 0 122.6.61l-104 24A24 24 0 0 0 0 48c0 256.5 207.9 464 464 464a24 24 0 0 0 23.4-18.6l24-104a24.29 24.29 0 0 0-14.01-27.6z\"><\/path><\/svg><\/div><\/div>\n\t\t\t\t\n\t\t\t\t<div class=\"contents\">\n\t\t\t\t\n\t\t\t\t<h3 class=\"lqd-iconbox-heading\" >Contact Number <\/h3>\t\t\t\t<p class=\"lqd-iconbox-content\"><span style=\"font-size: 20px;color: #292929\"> +90 (262) 335 12 88<\/span><\/p>\n\t\t\t\t\n\t\t\t\t<\/div>\n\t\t\t\t\n\t\t\t<\/div>\n\n\t\t\t\t\t\t<\/div>\n\t\t\t\t<\/div>\n\t\t\t\t\t<\/div>\n\t\t<\/div>\n\t\t\t\t<div class=\"elementor-column elementor-col-50 elementor-top-column elementor-element elementor-element-19083ca2\" data-id=\"19083ca2\" data-element_type=\"column\">\n\t\t\t<div class=\"elementor-widget-wrap elementor-element-populated\">\n\t\t\t\t\t\t<div class=\"elementor-element elementor-element-171619da elementor-widget elementor-widget-ld_content_box\" data-id=\"171619da\" data-element_type=\"widget\" data-widget_type=\"ld_content_box.default\">\n\t\t\t\t<div class=\"elementor-widget-container\">\n\t\t\t\t\t \n\n\t\t<div class=\"lqd-fb pos-rel lqd-fb-style-1 lqd-fb-style-1-3 lqd-fb-content-overlay lqd-fb-zoom-img-onhover transform-style-3d perspective h-pt-50\"  data-inview=\"true\"  data-hover3d=\"true\" >\n\t\t\t\t\t<div class=\"lqd-fb-inner lqd-overlay transform-style-3d\" data-stacking-factor=\"1.15\">\n\n\t\t\t\t<div class=\"lqd-fb-img lqd-overlay border-radius-4 overflow-hidden\">\n\n\t\t\t\t\t<figure class=\"w-100 h-100\">\n\t\t\t\t\t\t<img decoding=\"async\" class=\"w-100 h-100 objfit-cover objpos-center\" src=\"https:\/\/tanrikulu.com.tr\/wp-content\/uploads\/2025\/06\/tanrikulu-geridonusum-bg.jpg\">\t\t\t\t\t\t<div class=\"lqd-fb-bg lqd-overlay\"><\/div>\n\t\t\t\t\t\t<div class=\"lqd-fb-hover-overlay lqd-overlay\"><\/div>\n\t\t\t\t\t<\/figure>\n\n\t\t\t\t<\/div>\n\n\t\t\t\t<div class=\"lqd-fb-content lqd-overlay d-flex align-items-end border-radius-4 overflow-hidden\">\n\t\t\t\t\t<div class=\"lqd-fb-content-inner d-flex flex-column justify-content-end pos-rel h-100 w-100 p-4\">\n\t\t\t\t\t\t\n\t\t\t\t\t\t\t\t\t\t\t\t\n\t\t\t\t\t\t<div class=\"lqd-fb-content-bottom\">\n\t\t\t\t\t\t\t\n\t\t\t\t\t\t\t\t\t\t\t\t\t\t\n\t\t\t\t\t\t\t\n\t\t\t\t\t\t\t\n\t\t\t\t\t\t\t\n\t\t\t\t\t\t<\/div>\n\n\t\t\t\t\t\t\t\t\t\t\t\t\n\t\t\t\t\t<\/div>\n\t\t\t\t<\/div>\n\n\t\t\t\t<\/div>\n\t\t\t \n\t\t<\/div>\n\t\t\t\t\t\t<\/div>\n\t\t\t\t<\/div>\n\t\t\t\t<div class=\"elementor-element elementor-element-63b50168 elementor-widget elementor-widget-hub_fancy_heading\" data-id=\"63b50168\" data-element_type=\"widget\" data-widget_type=\"hub_fancy_heading.default\">\n\t\t\t\t<div class=\"elementor-widget-container\">\n\t\t\t\t\t\n\t\t<div id=\"ld-fancy-heading-69d5245a3d050\" class=\"ld-fancy-heading pos-rel\">\n\t\t\t<h3 class=\"ld-fh-element d-inline-block pos-rel  elementor-heading-title lqd-highlight-classic lqd-highlight-grow-left h3\"  > Tanr\u0131kulu Recycling<\/h3>\t\t<\/div>\n\n\t\t\t\t\t\t<\/div>\n\t\t\t\t<\/div>\n\t\t\t\t<div class=\"elementor-element elementor-element-7de95145 elementor-widget elementor-widget-hub_fancy_heading\" data-id=\"7de95145\" data-element_type=\"widget\" data-widget_type=\"hub_fancy_heading.default\">\n\t\t\t\t<div class=\"elementor-widget-container\">\n\t\t\t\t\t\n\t\t<div id=\"ld-fancy-heading-69d5245a3d65c\" class=\"ld-fancy-heading pos-rel\">\n\t\t\t<p class=\"ld-fh-element d-inline-block pos-rel  lqd-highlight-classic lqd-highlight-grow-left p\"  > Tanr\u0131kulu Group of Companies carries out recycling collection and sorting activities in 4 facilities in Istanbul Sultangazi, Kocaeli \u0130zmit, Gebze, K\u00f6sek\u00f6y. In these facilities, collection and sorting operations are carried out for the reuse of paper, plastic, metal and pallet materials.\n<br><br>\nWhat are the Contributions of Recycling to the Economy and the Environment?\nRecycling is the process of reprocessing most of the materials we see as garbage into new products. It contributes to the economy and the environment.\n<br><br>\nRecycling is the recycling of used waste materials back into production and the economy. This contributes directly to the economy and indirectly to the environment. The cost and difficulty of preparing a material from scratch with a raw material can be reduced through recycling. In order for recycling to be economically viable and environmentally effective, certain conditions must be met. These include a sufficient amount of recyclable materials, a system that will eliminate these materials as waste, an enterprise capable of reprocessing recyclable materials, and a potential demand for recycled materials.\n<br><br>Contributions to the Economy\nRecycling waste has significant contributions to the economy. First of all, the need for raw materials decreases. Converting a used product into raw material saves energy. Recycling a product from waste and turning it back into raw material saves between 30 and 50 percent energy compared to producing it from virgin raw material. The amount of energy saved through recycling, which is a component of the waste hierarchy of \u201creduce\u201d, \u2018reuse\u2019 and \u201crecycle\u201d, depends on the material being recycled and the type of energy used.\n\nSome of the contributions of recycling to the economy are as follows;\n<br><br>\nPrevents waste of useful waste material.\nProblems such as transportation and storage of waste and garbage are avoided.\nReduces consumption of fresh raw materials.\nReduces energy use.\nAllows waste material to serve as a new product.\nProvides economic advantages by eliminating public waste in large populated areas.\nCreates new business and employment opportunities.\nEnergy savings of 90 percent are achieved by recycling aluminum cans and 60 percent by recycling paper.\nBy reducing the need for new raw materials, it reduces the amount of imports and contributes to the national economy.\nContributions to the Environment\nRecycling provides very important contributions to the environment and ecological balance. In parallel with the increasing population of the world, the increasing need for raw materials is prevented or minimized from disrupting the natural balance. Thus, damages to nature and environmental pollution are minimized.\n\nSome of the contributions of recycling to the environment are as follows;\n<br><br>\nHelps conserve natural resources such as trees, water resources and minerals.\nReduces the need to collect new raw materials and prevents pollution of the air and environment.\nHelps reduce greenhouse gas emissions.\nCompost products or fertilizers produced from household waste improve the soil, allowing nutrients to be used by plants.\nComposted biological waste creates a rich organic resource.\nRecyclable Materials\nIt is not possible to include all kinds of products in recycling processes. For this, the quality of the materials used in the products is important. Almost all parts of an automobile can be recycled. The same is true for electronic devices. However, it may not be possible to recycle every waste or garbage. For example, materials such as diapers, plastic bags, mirrors, light bulbs, greasy and coated paper, bottles of motor oil cannot be recycled.\n<br><br>\nWe can list some of the materials that can be recycled as follows; iron, steel, aluminum, all kinds of metals, paper and derivatives, glass, all kinds of plastics, electronic and electrical materials, electronic consumables, batteries, batteries, batteries, concrete, textiles, all kinds of wood, organic wastes (such as vegetable oils), motor oils, solvent-based wastes, tires, foods, rubber, garden wastes (grass, grass, fertilizer, trees, etc.).\n<br><br>\n\u201cSalvage\u201d, a form of recycling, is the process of separating usable liquids or metals from complex materials. For example, the separation of gold circuits from thousands of parts in an automobile or the removal of mercury from thermometers is a salvage practice.\n<\/p>\t\t<\/div>\n\n\t\t\t\t\t\t<\/div>\n\t\t\t\t<\/div>\n\t\t\t\t<div class=\"elementor-element elementor-element-231fa174 elementor-widget__width-initial elementor-widget-divider--view-line elementor-widget elementor-widget-divider\" data-id=\"231fa174\" data-element_type=\"widget\" data-widget_type=\"divider.default\">\n\t\t\t\t<div class=\"elementor-widget-container\">\n\t\t\t\t\t\t\t<div class=\"elementor-divider\">\n\t\t\t<span class=\"elementor-divider-separator\">\n\t\t\t\t\t\t<\/span>\n\t\t<\/div>\n\t\t\t\t\t\t<\/div>\n\t\t\t\t<\/div>\n\t\t\t\t\t<\/div>\n\t\t<\/div>\n\t\t\t\t\t<\/div>\n\t\t<\/section>\n\t\t\t\t<\/div>","protected":false},"excerpt":{"rendered":"<p>Tanr\u0131kulu Geri D\u00f6n\u00fc\u015f\u00fcm Tanr\u0131kulu Plastik \u0130zpack Ambalaj Bize Ula\u015f\u0131n \u0130\u015f Birli\u011fiTeklif\u00d6zelle\u015ftirilmi\u015f Hizmetler\u00dcr\u00fcn TedarikiDi\u011fer \u0130leti\u015fim Numaram\u0131z +90 (262) 335 12 88 Tanr\u0131kulu Geri D\u00f6n\u00fc\u015f\u00fcm Tanr\u0131kulu \u015eirketler Grubu \u0130stanbul Sultangazi , Kocaeli \u0130zmit, Gebze, K\u00f6sek\u00f6y olmak \u00fczere 4 tesiste geri d\u00f6n\u00fc\u015f\u00fcm toplama ve ayr\u0131\u015fma faaliyetleri y\u00fcr\u00fctmektedir. Bu tesislerde Ka\u011f\u0131t, Plastik, Metal ve palet malzemelerin tekrar kullan\u0131ma kazan\u0131lmas\u0131 [&hellip;]<\/p>","protected":false},"author":1,"featured_media":0,"parent":0,"menu_order":0,"comment_status":"closed","ping_status":"closed","template":"","meta":{"footnotes":""},"class_list":["post-5950","page","type-page","status-publish","hentry"],"_links":{"self":[{"href":"https:\/\/tanrikulu.com.tr\/en\/wp-json\/wp\/v2\/pages\/5950","targetHints":{"allow":["GET"]}}],"collection":[{"href":"https:\/\/tanrikulu.com.tr\/en\/wp-json\/wp\/v2\/pages"}],"about":[{"href":"https:\/\/tanrikulu.com.tr\/en\/wp-json\/wp\/v2\/types\/page"}],"author":[{"embeddable":true,"href":"https:\/\/tanrikulu.com.tr\/en\/wp-json\/wp\/v2\/users\/1"}],"replies":[{"embeddable":true,"href":"https:\/\/tanrikulu.com.tr\/en\/wp-json\/wp\/v2\/comments?post=5950"}],"version-history":[{"count":0,"href":"https:\/\/tanrikulu.com.tr\/en\/wp-json\/wp\/v2\/pages\/5950\/revisions"}],"wp:attachment":[{"href":"https:\/\/tanrikulu.com.tr\/en\/wp-json\/wp\/v2\/media?parent=5950"}],"curies":[{"name":"wp","href":"https:\/\/api.w.org\/{rel}","templated":true}]}}